{"id":427,"date":"2020-02-17T19:37:27","date_gmt":"2020-02-17T19:37:27","guid":{"rendered":"https:\/\/reinraum.montage-automation.de\/?page_id=427"},"modified":"2020-02-17T19:37:27","modified_gmt":"2020-02-17T19:37:27","slug":"impressum","status":"publish","type":"page","link":"https:\/\/reinraum-automation.de\/index.php\/impressum\/","title":{"rendered":"Impressum"},"content":{"rendered":"<p>[et_pb_section fb_built=&#8220;1&#8243; _builder_version=&#8220;4.0.9&#8243;][et_pb_row _builder_version=&#8220;4.0.9&#8243;][et_pb_column type=&#8220;4_4&#8243; _builder_version=&#8220;4.0.9&#8243;][et_pb_text _builder_version=&#8220;4.0.9&#8243;]<\/p>\n<h1>ANGABEN NACH TELEMEDIAGESETZ<\/h1>\n<h2>\u00a0<\/h2>\n<h2>NAME UND ANSCHRIFT DER FIRMA<\/h2>\n<p>Mundinger Engineering GmbH<br \/>Fertigungs- und Montageautomation<br \/><span class=\"xr_s0\"><span class=\"xr_tl\">Braacher Str. 17<\/span>,<span>\u00a0<\/span><span class=\"xr_tl\">36199 Rotenburg an der Fulda<\/span><\/span><\/p>\n<p>UstId DE113081470<br \/>HRB 1231 Bad Hersfeld<\/p>\n<h2>\u00a0<\/h2>\n<h2>VERTRETUNGSBERECHTIGTE GESELLSCHAFTER<\/h2>\n<p>Holger Mundinger<br \/>Gert Mundinger<\/p>\n<h2>\u00a0<\/h2>\n<h2>VERANTWORTLICH F\u00dcR DEN INHALT<\/h2>\n<p>Gert Mundinger<\/p>\n<h2>\u00a0<\/h2>\n<h2>KONZEPT, FOTOS UND TEXT<\/h2>\n<p><span><a href=\"http:\/\/www.mqco.de\/markenentwicklung\" target=\"_blank\" rel=\"noopener noreferrer\">Marquardt+Compagnie<\/a><\/span><\/p>\n<h2>\u00a0<\/h2>\n<h2>KONTAKT<\/h2>\n<p>Tel.<span>\u00a0<\/span><span class=\"xr_s10\"><span class=\"xr_tr\">06623 923 66 0<\/span><\/span><br \/>Mail: info[at]mundinger.de<\/p>\n<h2>\u00a0<\/h2>\n<h2>BILDERNACHWEIS \/ ABMAHNUNGEN<\/h2>\n<p>Wir verwenden eigene Bilder, fotografiert von Oliver Marquardt (<a href=\"http:\/\/marquardt+compagnie\/\" target=\"_blank\" rel=\"noopener noreferrer\"><span>www.mqco.de<\/span><\/a>)<\/p>\n<p>Sollten Sie das Recht an einem Bild besitzen, das wir dann scheinbar irrt\u00fcmlich als \u201cfrei verwendbar\u201d gekennzeichnet aufgefunden haben, informieren Sie uns bitte. Eine Abmahnung vor Kontaktaufnahme ist mit dieser Information rechtlich unzul\u00e4ssig.<\/p>\n<h2>\u00a0<\/h2>\n<h2>DATENSCHUTZHINWEIS<\/h2>\n<p>Unsere ausf\u00fchrliche Datenschutzerkl\u00e4rung finden Sie hier:<span>\u00a0<\/span><a href=\"https:\/\/mundinger.de\/privacy-policy\/\">Zur Datenschutzerkl\u00e4rung<\/a><\/p>\n<h2><\/h2>\n<h2><\/h2>\n<h2><\/h2>\n<h2><\/h2>\n<h2>URHEBERRECHT UND ABMAHNUNG<\/h2>\n<p>Keine Abmahnung ohne Kontaktaufnahme! Wir recherchieren alle Inhalte sorgf\u00e4ltig. Sollte es dennoch eine Unstimmigkeit geben, bitten wir um eine formlose Kontaktaufnahme. Wir werden das umgehend kl\u00e4ren.<\/p>\n<h2>\u00a0<\/h2>\n<h2>INHALT DES INTERNETANGEBOTES<\/h2>\n<p>Mundinger Engineering beh\u00e4lt es sich vor, s\u00e4mtliche Inhalte ohne gesonderte Ank\u00fcndigung zu ver\u00e4ndern, zu erg\u00e4nzen, zu l\u00f6schen. Die Ver\u00f6ffentlichung des Angebotes ist zeitlich weder unbegrenzt noch befristet. Wir k\u00f6nnen es zeitweise oder endg\u00fcltig einstellen.<\/p>\n<p>Alle Inhalte dieses Internetangebotes sind mit gr\u00f6\u00dfter Sorgfalt erstellt worden. F\u00fcr die Richtigkeit, Vollst\u00e4ndigkeit und Aktualit\u00e4t der Inhalte kann und \u00fcbernimmt der Betreiber keine Gew\u00e4hr. Gesetzeswidrige Informationen werden unverz\u00fcglich entfernt, sobald der Betreiber Kenntnis davon erlangt. Das gilt auch f\u00fcr urheberrechtlich beanstandete Inhalte.<\/p>\n<p>Zugang zu Informationen, die von Dritten bereitgestellt werden, sind ohne jegliche Gew\u00e4hr und Haftung.<\/p>\n<p>Mundinger Engineering erkl\u00e4rt hiermit ausdr\u00fccklich, dass zum Zeitpunkt der Linksetzung keine illegalen Inhalte auf den verlinkten Seiten erkennbar waren. Auf die aktuelle und zuk\u00fcnftige Gestaltung der verlinkten Seiten hat der Betreiber jedoch keinerlei Einfluss und distanziert sich deshalb ausdr\u00fccklich von allen Inhalten aller verlinkten Seiten, die nach der Linksetzung ver\u00e4ndert wurden<\/p>\n<h2>\u00a0<\/h2>\n<h2>URHEBERRECHT<\/h2>\n<p>Alle Inhalte, dazu z\u00e4hlen insbesondere Texte, Bilder, Grafiken und Dokumente, sind gesch\u00fctzt und d\u00fcrfen nicht ohne Weiteres verwendet, verbreitet oder ver\u00f6ffentlicht werden. Jegliche Nutzung bedarf der Zustimmung von Mundinger Engineering. Unrechtm\u00e4\u00dfige Verwendung wird umgehend verfolgt.<\/p>\n<h2>\u00a0<\/h2>\n<h2>RECHTSWIRKSAMKEIT DIESES HAFTUNGSAUSSCHLUSSES<\/h2>\n<p>Der Ausschlu\u00df erstreckt sich \u00fcber das gesamte Angebot. Er ist Teil des Internetangebotes, von dem aus auf diese Seite verwiesen wurde. Sofern Teile oder einzelne Formulierungen dieses Textes der geltenden Rechtslage nicht, nicht mehr oder nicht vollst\u00e4ndig entsprechen, bleiben die \u00fcbrigen Teile des Dokumentes in ihrem Inhalt und ihrer G\u00fcltigkeit davon unber\u00fchrt.<\/p>\n<p>[\/et_pb_text][\/et_pb_column][\/et_pb_row][\/et_pb_section]<\/p>\n","protected":false},"excerpt":{"rendered":"<p>ANGABEN NACH TELEMEDIAGESETZ \u00a0 NAME UND ANSCHRIFT DER FIRMA Mundinger Engineering GmbHFertigungs- und MontageautomationBraacher Str. 17,\u00a036199 Rotenburg an der Fulda UstId DE113081470HRB 1231 Bad Hersfeld \u00a0 VERTRETUNGSBERECHTIGTE GESELLSCHAFTER Holger MundingerGert Mundinger \u00a0 VERANTWORTLICH F\u00dcR DEN INHALT Gert Mundinger \u00a0 KONZEPT, FOTOS UND TEXT Marquardt+Compagnie \u00a0 KONTAKT Tel.\u00a006623 923 66 0Mail: info[at]mundinger.de \u00a0 BILDERNACHWEIS \/ ABMAHNUNGEN [&hellip;]<\/p>\n","protected":false},"author":1,"featured_media":0,"parent":0,"menu_order":0,"comment_status":"closed","ping_status":"closed","template":"","meta":{"_et_pb_use_builder":"on","_et_pb_old_content":"","_et_gb_content_width":"","_monsterinsights_skip_tracking":false,"_monsterinsights_sitenote_active":false,"_monsterinsights_sitenote_note":"","_monsterinsights_sitenote_category":0,"footnotes":""},"class_list":["post-427","page","type-page","status-publish","hentry"],"yoast_head":"<!-- This site is optimized with the Yoast SEO plugin v27.5 - https:\/\/yoast.com\/product\/yoast-seo-wordpress\/ -->\n<title>Impressum - Mundinger Reinraum Automation<\/title>\n<meta name=\"robots\" content=\"index, follow, max-snippet:-1, max-image-preview:large, max-video-preview:-1\" \/>\n<link rel=\"canonical\" href=\"https:\/\/reinraum-automation.de\/index.php\/impressum\/\" \/>\n<meta property=\"og:locale\" content=\"de_DE\" \/>\n<meta property=\"og:type\" content=\"article\" \/>\n<meta property=\"og:title\" content=\"Impressum - Mundinger Reinraum Automation\" \/>\n<meta property=\"og:description\" content=\"ANGABEN NACH TELEMEDIAGESETZ \u00a0 NAME UND ANSCHRIFT DER FIRMA Mundinger Engineering GmbHFertigungs- und MontageautomationBraacher Str. 17,\u00a036199 Rotenburg an der Fulda UstId DE113081470HRB 1231 Bad Hersfeld \u00a0 VERTRETUNGSBERECHTIGTE GESELLSCHAFTER Holger MundingerGert Mundinger \u00a0 VERANTWORTLICH F\u00dcR DEN INHALT Gert Mundinger \u00a0 KONZEPT, FOTOS UND TEXT Marquardt+Compagnie \u00a0 KONTAKT Tel.\u00a006623 923 66 0Mail: info[at]mundinger.de \u00a0 BILDERNACHWEIS \/ ABMAHNUNGEN [&hellip;]\" \/>\n<meta property=\"og:url\" content=\"https:\/\/reinraum-automation.de\/index.php\/impressum\/\" \/>\n<meta property=\"og:site_name\" content=\"Mundinger Reinraum Automation\" \/>\n<meta name=\"twitter:card\" content=\"summary_large_image\" \/>\n<meta name=\"twitter:label1\" content=\"Gesch\u00e4tzte Lesezeit\" \/>\n\t<meta name=\"twitter:data1\" content=\"2\u00a0Minuten\" \/>\n<script type=\"application\/ld+json\" class=\"yoast-schema-graph\">{\"@context\":\"https:\\\/\\\/schema.org\",\"@graph\":[{\"@type\":\"WebPage\",\"@id\":\"https:\\\/\\\/reinraum-automation.de\\\/index.php\\\/impressum\\\/\",\"url\":\"https:\\\/\\\/reinraum-automation.de\\\/index.php\\\/impressum\\\/\",\"name\":\"Impressum - Mundinger Reinraum Automation\",\"isPartOf\":{\"@id\":\"https:\\\/\\\/reinraum-automation.de\\\/#website\"},\"datePublished\":\"2020-02-17T19:37:27+00:00\",\"breadcrumb\":{\"@id\":\"https:\\\/\\\/reinraum-automation.de\\\/index.php\\\/impressum\\\/#breadcrumb\"},\"inLanguage\":\"de\",\"potentialAction\":[{\"@type\":\"ReadAction\",\"target\":[\"https:\\\/\\\/reinraum-automation.de\\\/index.php\\\/impressum\\\/\"]}]},{\"@type\":\"BreadcrumbList\",\"@id\":\"https:\\\/\\\/reinraum-automation.de\\\/index.php\\\/impressum\\\/#breadcrumb\",\"itemListElement\":[{\"@type\":\"ListItem\",\"position\":1,\"name\":\"Startseite\",\"item\":\"https:\\\/\\\/reinraum-automation.de\\\/\"},{\"@type\":\"ListItem\",\"position\":2,\"name\":\"Impressum\"}]},{\"@type\":\"WebSite\",\"@id\":\"https:\\\/\\\/reinraum-automation.de\\\/#website\",\"url\":\"https:\\\/\\\/reinraum-automation.de\\\/\",\"name\":\"Mundinger Reinraum Automation\",\"description\":\"Innovative L\u00f6sungen f\u00fcr Automation im Reinraum.\",\"potentialAction\":[{\"@type\":\"SearchAction\",\"target\":{\"@type\":\"EntryPoint\",\"urlTemplate\":\"https:\\\/\\\/reinraum-automation.de\\\/?s={search_term_string}\"},\"query-input\":{\"@type\":\"PropertyValueSpecification\",\"valueRequired\":true,\"valueName\":\"search_term_string\"}}],\"inLanguage\":\"de\"}]}<\/script>\n<!-- \/ Yoast SEO plugin. -->","yoast_head_json":{"title":"Impressum - Mundinger Reinraum Automation","robots":{"index":"index","follow":"follow","max-snippet":"max-snippet:-1","max-image-preview":"max-image-preview:large","max-video-preview":"max-video-preview:-1"},"canonical":"https:\/\/reinraum-automation.de\/index.php\/impressum\/","og_locale":"de_DE","og_type":"article","og_title":"Impressum - Mundinger Reinraum Automation","og_description":"ANGABEN NACH TELEMEDIAGESETZ \u00a0 NAME UND ANSCHRIFT DER FIRMA Mundinger Engineering GmbHFertigungs- und MontageautomationBraacher Str. 17,\u00a036199 Rotenburg an der Fulda UstId DE113081470HRB 1231 Bad Hersfeld \u00a0 VERTRETUNGSBERECHTIGTE GESELLSCHAFTER Holger MundingerGert Mundinger \u00a0 VERANTWORTLICH F\u00dcR DEN INHALT Gert Mundinger \u00a0 KONZEPT, FOTOS UND TEXT Marquardt+Compagnie \u00a0 KONTAKT Tel.\u00a006623 923 66 0Mail: info[at]mundinger.de \u00a0 BILDERNACHWEIS \/ ABMAHNUNGEN [&hellip;]","og_url":"https:\/\/reinraum-automation.de\/index.php\/impressum\/","og_site_name":"Mundinger Reinraum Automation","twitter_card":"summary_large_image","twitter_misc":{"Gesch\u00e4tzte Lesezeit":"2\u00a0Minuten"},"schema":{"@context":"https:\/\/schema.org","@graph":[{"@type":"WebPage","@id":"https:\/\/reinraum-automation.de\/index.php\/impressum\/","url":"https:\/\/reinraum-automation.de\/index.php\/impressum\/","name":"Impressum - Mundinger Reinraum Automation","isPartOf":{"@id":"https:\/\/reinraum-automation.de\/#website"},"datePublished":"2020-02-17T19:37:27+00:00","breadcrumb":{"@id":"https:\/\/reinraum-automation.de\/index.php\/impressum\/#breadcrumb"},"inLanguage":"de","potentialAction":[{"@type":"ReadAction","target":["https:\/\/reinraum-automation.de\/index.php\/impressum\/"]}]},{"@type":"BreadcrumbList","@id":"https:\/\/reinraum-automation.de\/index.php\/impressum\/#breadcrumb","itemListElement":[{"@type":"ListItem","position":1,"name":"Startseite","item":"https:\/\/reinraum-automation.de\/"},{"@type":"ListItem","position":2,"name":"Impressum"}]},{"@type":"WebSite","@id":"https:\/\/reinraum-automation.de\/#website","url":"https:\/\/reinraum-automation.de\/","name":"Mundinger Reinraum Automation","description":"Innovative L\u00f6sungen f\u00fcr Automation im Reinraum.","potentialAction":[{"@type":"SearchAction","target":{"@type":"EntryPoint","urlTemplate":"https:\/\/reinraum-automation.de\/?s={search_term_string}"},"query-input":{"@type":"PropertyValueSpecification","valueRequired":true,"valueName":"search_term_string"}}],"inLanguage":"de"}]}},"_links":{"self":[{"href":"https:\/\/reinraum-automation.de\/index.php\/wp-json\/wp\/v2\/pages\/427","targetHints":{"allow":["GET"]}}],"collection":[{"href":"https:\/\/reinraum-automation.de\/index.php\/wp-json\/wp\/v2\/pages"}],"about":[{"href":"https:\/\/reinraum-automation.de\/index.php\/wp-json\/wp\/v2\/types\/page"}],"author":[{"embeddable":true,"href":"https:\/\/reinraum-automation.de\/index.php\/wp-json\/wp\/v2\/users\/1"}],"replies":[{"embeddable":true,"href":"https:\/\/reinraum-automation.de\/index.php\/wp-json\/wp\/v2\/comments?post=427"}],"version-history":[{"count":0,"href":"https:\/\/reinraum-automation.de\/index.php\/wp-json\/wp\/v2\/pages\/427\/revisions"}],"wp:attachment":[{"href":"https:\/\/reinraum-automation.de\/index.php\/wp-json\/wp\/v2\/media?parent=427"}],"curies":[{"name":"wp","href":"https:\/\/api.w.org\/{rel}","templated":true}]}}